{"id":10203,"date":"2018-09-26T17:06:05","date_gmt":"2018-09-26T23:06:05","guid":{"rendered":"http:\/\/www.jach.com.mx\/?page_id=10203"},"modified":"2022-05-18T10:27:36","modified_gmt":"2022-05-18T16:27:36","slug":"contact","status":"publish","type":"page","link":"https:\/\/www.jach.com.mx\/en\/contact\/","title":{"rendered":"Contact"},"content":{"rendered":"<p>[vc_row content_placement=&#8221;middle&#8221; css=&#8221;.vc_custom_1634812614596{padding-top: 60px !important;padding-right: 40px !important;padding-bottom: 60px !important;padding-left: 40px !important;background-color: #ffffff !important;}&#8221;][vc_column width=&#8221;1\/6&#8243;][\/vc_column][vc_column width=&#8221;2\/3&#8243; css=&#8221;.vc_custom_1634813188083{padding-right: 50px !important;padding-left: 50px !important;}&#8221; el_class=&#8221;small-no-padding&#8221;][vc_custom_heading text=&#8221;Do you have any doubts? We would love to help you&#8221; font_container=&#8221;tag:h1|text_align:left&#8221; use_theme_fonts=&#8221;yes&#8221;][\/vc_column][vc_column width=&#8221;1\/6&#8243;][\/vc_column][\/vc_row][vc_row css_animation=&#8221;none&#8221; css=&#8221;.vc_custom_1634812969054{padding-bottom: 30px !important;background-color: #ffffff !important;}&#8221;][vc_column width=&#8221;1\/6&#8243;][\/vc_column][vc_column width=&#8221;2\/3&#8243;][vc_gmaps link=&#8221;#E-8_JTNDaWZyYW1lJTIwc3JjJTNEJTIyaHR0cHMlM0ElMkYlMkZ3d3cuZ29vZ2xlLmNvbSUyRm1hcHMlMkZlbWJlZCUzRnBiJTNEJTIxMW0xOCUyMTFtMTIlMjExbTMlMjExZDM3MzIuNjc4MDY0ODI2MDI4NyUyMTJkLTEwMy40NDczODIzODUwNzMxOCUyMTNkMjAuNjgyNjcyNTg2MTg2OTI1JTIxMm0zJTIxMWYwJTIxMmYwJTIxM2YwJTIxM20yJTIxMWkxMDI0JTIxMmk3NjglMjE0ZjEzLjElMjEzbTMlMjExbTIlMjExczB4ODQyOGFlYzk3NzczNWI3OSUyNTNBMHg1NzQyNjNiNDQ2YWQxMzQwJTIxMnNKYWNoJTI1MjBJbHVtaW5hY2klMjVDMyUyNUIzbiUyMTVlMCUyMTNtMiUyMTFzZXMlMjEyc2VzJTIxNHYxNjM0ODExNzA1MjUzJTIxNW0yJTIxMXNlcyUyMTJzZXMlMjIlMjB3aWR0aCUzRCUyMjYwMCUyMiUyMGhlaWdodCUzRCUyMjQ1MCUyMiUyMHN0eWxlJTNEJTIyYm9yZGVyJTNBMCUzQiUyMiUyMGFsbG93ZnVsbHNjcmVlbiUzRCUyMiUyMiUyMGxvYWRpbmclM0QlMjJsYXp5JTIyJTNFJTNDJTJGaWZyYW1lJTNF&#8221; size=&#8221;400&#8243; css_animation=&#8221;fadeInUp&#8221;][\/vc_column][vc_column width=&#8221;1\/6&#8243;][\/vc_column][\/vc_row][vc_row css=&#8221;.vc_custom_1634812813251{padding-top: 30px !important;padding-bottom: 30px !important;background-color: #ffffff !important;}&#8221;][vc_column width=&#8221;1\/6&#8243;][\/vc_column][vc_column width=&#8221;1\/3&#8243; css=&#8221;.vc_custom_1634813590586{padding-right: 50px !important;padding-bottom: 30px !important;}&#8221;][vc_custom_heading text=&#8221;Contact information:&#8221; font_container=&#8221;tag:h4|text_align:right&#8221; use_theme_fonts=&#8221;yes&#8221; el_class=&#8221;small-title-left&#8221;][\/vc_column][vc_column width=&#8221;1\/3&#8243;][vc_column_text]<strong>Headquarters address:<\/strong><\/p>\n<p>AV. Ignacio L. Vallarta #6503,<br \/>\nCol. Cuidad Granja,<br \/>\nC.P: 45010, Zapopan, Jalisco, Mexico.<\/p>\n<p><strong>Telephones:<\/strong><\/p>\n<p>+52 36 73 55 15<br \/>\n+52 36 73 55 65<br \/>\n+52 36 27 88 50<\/p>\n<p><strong>Email:<\/strong><\/p>\n<p><a href=\"mailto:jachstore@jach.com.mx\">jachstore@jach.com.mx<\/a>[\/vc_column_text][\/vc_column][vc_column width=&#8221;1\/6&#8243;][\/vc_column][\/vc_row][vc_row css=&#8221;.vc_custom_1634812821763{padding-top: 30px !important;padding-bottom: 60px !important;background-color: #ffffff !important;}&#8221;][vc_column width=&#8221;1\/6&#8243;][\/vc_column][vc_column width=&#8221;1\/3&#8243; css=&#8221;.vc_custom_1634813607655{padding-right: 50px !important;padding-bottom: 30px !important;}&#8221;][vc_custom_heading text=&#8221;Get in touch:&#8221; font_container=&#8221;tag:h4|text_align:right&#8221; use_theme_fonts=&#8221;yes&#8221; el_class=&#8221;small-title-left&#8221;][\/vc_column][vc_column width=&#8221;1\/3&#8243;]<div role=\"form\" class=\"wpcf7\" id=\"wpcf7-f10216-o1\" lang=\"en-US\" dir=\"ltr\">\n<div class=\"screen-reader-response\"><p role=\"status\" aria-live=\"polite\" aria-atomic=\"true\"><\/p> <ul><\/ul><\/div>\n<form action=\"\/en\/wp-json\/wp\/v2\/pages\/10203#wpcf7-f10216-o1\" method=\"post\" class=\"wpcf7-form init\" novalidate=\"novalidate\" data-status=\"init\">\n<div style=\"display: none;\">\n<input type=\"hidden\" name=\"_wpcf7\" value=\"10216\" \/>\n<input type=\"hidden\" name=\"_wpcf7_version\" value=\"5.6.4\" \/>\n<input type=\"hidden\" name=\"_wpcf7_locale\" value=\"en_US\" \/>\n<input type=\"hidden\" name=\"_wpcf7_unit_tag\" value=\"wpcf7-f10216-o1\" \/>\n<input type=\"hidden\" name=\"_wpcf7_container_post\" value=\"0\" \/>\n<input type=\"hidden\" name=\"_wpcf7_posted_data_hash\" value=\"\" \/>\n<\/div>\n<p><span class=\"wpcf7-form-control-wrap\" data-name=\"nombre\"><input type=\"text\" name=\"nombre\" value=\"\" size=\"40\" class=\"wpcf7-form-control wpcf7-text wpcf7-validates-as-required form-control\" id=\"your_name\" aria-required=\"true\" aria-invalid=\"false\" placeholder=\"Your name\" \/><\/span><\/p>\n<p class=\"half\">\n  <span class=\"wpcf7-form-control-wrap\" data-name=\"correo\"><input type=\"email\" name=\"correo\" value=\"\" size=\"40\" class=\"wpcf7-form-control wpcf7-text wpcf7-email wpcf7-validates-as-required wpcf7-validates-as-email form-control\" id=\"your_email\" aria-required=\"true\" aria-invalid=\"false\" placeholder=\"Your email\" \/><\/span>\n<\/p>\n<p class=\"half\">\n  <span class=\"wpcf7-form-control-wrap\" data-name=\"telefono\"><input type=\"tel\" name=\"telefono\" value=\"\" size=\"40\" class=\"wpcf7-form-control wpcf7-text wpcf7-tel wpcf7-validates-as-tel form-control\" id=\"contact_subject\" aria-invalid=\"false\" placeholder=\"Your telephone\" \/><\/span>\n<\/p>\n<p><span class=\"wpcf7-form-control-wrap\" data-name=\"mensaje\"><textarea name=\"mensaje\" cols=\"40\" rows=\"4\" class=\"wpcf7-form-control wpcf7-textarea form-control\" id=\"your_message\" aria-invalid=\"false\" placeholder=\"Comments\"><\/textarea><\/span><\/p>\n<p><span class=\"wpcf7-form-control-wrap\" data-name=\"aviso-legal\"><span class=\"wpcf7-form-control wpcf7-acceptance\"><span class=\"wpcf7-list-item\"><label><input type=\"checkbox\" name=\"aviso-legal\" value=\"1\" aria-invalid=\"false\" \/><span class=\"wpcf7-list-item-label\">I have read and accept the <a href=\"http:\/\/www.jach.com.mx\/aviso-de-privacidad\/\" target=\"_blank\">Privacy Policy<\/a><\/span><\/label><\/span><\/span><\/span><\/p>\n<p><input type=\"submit\" value=\"Send message\" class=\"wpcf7-form-control has-spinner wpcf7-submit btn btn-outline\" \/><\/p>\n<div class=\"wpcf7-response-output\" aria-hidden=\"true\"><\/div><\/form><\/div>[\/vc_column][vc_column width=&#8221;1\/6&#8243;][\/vc_column][\/vc_row]<\/p>\n","protected":false},"excerpt":{"rendered":"<p>[vc_row content_placement=&#8221;middle&#8221; css=&#8221;.vc_custom_1634812614596{padding-top: 60px !important;padding-right: 40px !important;padding-bottom: 60px !important;padding-left: 40px !important;background-color: #ffffff !important;}&#8221;][vc_column width=&#8221;1\/6&#8243;][\/vc_column][vc_column width=&#8221;2\/3&#8243; css=&#8221;.vc_custom_1634813188083{padding-right: 50px !important;padding-left: 50px !important;}&#8221; el_class=&#8221;small-no-padding&#8221;][vc_custom_heading text=&#8221;Do you have any doubts? We would love to help you&#8221; font_container=&#8221;tag:h1|text_align:left&#8221; use_theme_fonts=&#8221;yes&#8221;][\/vc_column][vc_column width=&#8221;1\/6&#8243;][\/vc_column][\/vc_row][vc_row css_animation=&#8221;none&#8221; css=&#8221;.vc_custom_1634812969054{padding-bottom: 30px !important;background-color: #ffffff !important;}&#8221;][vc_column width=&#8221;1\/6&#8243;][\/vc_column][vc_column width=&#8221;2\/3&#8243;][vc_gmaps link=&#8221;#E-8_JTNDaWZyYW1lJTIwc3JjJTNEJTIyaHR0cHMlM0ElMkYlMkZ3d3cuZ29vZ2xlLmNvbSUyRm1hcHMlMkZlbWJlZCUzRnBiJTNEJTIxMW0xOCUyMTFtMTIlMjExbTMlMjExZDM3MzIuNjc4MDY0ODI2MDI4NyUyMTJkLTEwMy40NDczODIzODUwNzMxOCUyMTNkMjAuNjgyNjcyNTg2MTg2OTI1JTIxMm0zJTIxMWYwJTIxMmYwJTIxM2YwJTIxM20yJTIxMWkxMDI0JTIxMmk3NjglMjE0ZjEzLjElMjEzbTMlMjExbTIlMjExczB4ODQyOGFlYzk3NzczNWI3OSUyNTNBMHg1NzQyNjNiNDQ2YWQxMzQwJTIxMnNKYWNoJTI1MjBJbHVtaW5hY2klMjVDMyUyNUIzbiUyMTVlMCUyMTNtMiUyMTFzZXMlMjEyc2VzJTIxNHYxNjM0ODExNzA1MjUzJTIxNW0yJTIxMXNlcyUyMTJzZXMlMjIlMjB3aWR0aCUzRCUyMjYwMCUyMiUyMGhlaWdodCUzRCUyMjQ1MCUyMiUyMHN0eWxlJTNEJTIyYm9yZGVyJTNBMCUzQiUyMiUyMGFsbG93ZnVsbHNjcmVlbiUzRCUyMiUyMiUyMGxvYWRpbmclM0QlMjJsYXp5JTIyJTNFJTNDJTJGaWZyYW1lJTNF&#8221; size=&#8221;400&#8243; css_animation=&#8221;fadeInUp&#8221;][\/vc_column][vc_column width=&#8221;1\/6&#8243;][\/vc_column][\/vc_row][vc_row css=&#8221;.vc_custom_1634812813251{padding-top: 30px !important;padding-bottom: 30px !important;background-color: #ffffff !important;}&#8221;][vc_column width=&#8221;1\/6&#8243;][\/vc_column][vc_column &hellip;<\/p>\n","protected":false},"author":2,"featured_media":0,"parent":0,"menu_order":0,"comment_status":"closed","ping_status":"closed","template":"templates\/page-full.php","meta":{"footnotes":""},"class_list":["post-10203","page","type-page","status-publish","hentry"],"yoast_head":"<!-- This site is optimized with the Yoast SEO plugin v19.9 - https:\/\/yoast.com\/wordpress\/plugins\/seo\/ -->\n<title>Contact - Fabricaci\u00f3n de productos para el ahorro de energ\u00eda<\/title>\n<meta name=\"description\" content=\"Marca de iluminaci\u00f3n LED 100% mexicana, especializ\u00e1ndonos en la fabricaci\u00f3n de productos para el ahorro de energ\u00eda: L\u00e1mparas, Luminarios, proyectores, Alumbrado p\u00fablico, Alumbrado industrial y m\u00e1s\" \/>\n<meta name=\"robots\" content=\"index, follow, max-snippet:-1, max-image-preview:large, max-video-preview:-1\" \/>\n<link rel=\"canonical\" href=\"https:\/\/www.jach.com.mx\/en\/contact\/\" \/>\n<meta property=\"og:locale\" content=\"en_US\" \/>\n<meta property=\"og:type\" content=\"article\" \/>\n<meta property=\"og:title\" content=\"Contact - Fabricaci\u00f3n de productos para el ahorro de energ\u00eda\" \/>\n<meta property=\"og:description\" content=\"Marca de iluminaci\u00f3n LED 100% mexicana, especializ\u00e1ndonos en la fabricaci\u00f3n de productos para el ahorro de energ\u00eda: L\u00e1mparas, Luminarios, proyectores, Alumbrado p\u00fablico, Alumbrado industrial y m\u00e1s\" \/>\n<meta property=\"og:url\" content=\"https:\/\/www.jach.com.mx\/en\/contact\/\" \/>\n<meta property=\"og:site_name\" content=\"Jach Iluminaci\u00f3n\" \/>\n<meta property=\"article:modified_time\" content=\"2022-05-18T16:27:36+00:00\" \/>\n<meta name=\"twitter:card\" content=\"summary_large_image\" \/>\n<meta name=\"twitter:label1\" content=\"Est. reading time\" \/>\n\t<meta name=\"twitter:data1\" content=\"1 minute\" \/>\n<script type=\"application\/ld+json\" class=\"yoast-schema-graph\">{\"@context\":\"https:\/\/schema.org\",\"@graph\":[{\"@type\":\"WebPage\",\"@id\":\"https:\/\/www.jach.com.mx\/en\/contact\/\",\"url\":\"https:\/\/www.jach.com.mx\/en\/contact\/\",\"name\":\"Contact - Fabricaci\u00f3n de productos para el ahorro de energ\u00eda\",\"isPartOf\":{\"@id\":\"https:\/\/www.jach.com.mx\/#website\"},\"datePublished\":\"2018-09-26T23:06:05+00:00\",\"dateModified\":\"2022-05-18T16:27:36+00:00\",\"description\":\"Marca de iluminaci\u00f3n LED 100% mexicana, especializ\u00e1ndonos en la fabricaci\u00f3n de productos para el ahorro de energ\u00eda: L\u00e1mparas, Luminarios, proyectores, Alumbrado p\u00fablico, Alumbrado industrial y m\u00e1s\",\"breadcrumb\":{\"@id\":\"https:\/\/www.jach.com.mx\/en\/contact\/#breadcrumb\"},\"inLanguage\":\"en-US\",\"potentialAction\":[{\"@type\":\"ReadAction\",\"target\":[\"https:\/\/www.jach.com.mx\/en\/contact\/\"]}]},{\"@type\":\"BreadcrumbList\",\"@id\":\"https:\/\/www.jach.com.mx\/en\/contact\/#breadcrumb\",\"itemListElement\":[{\"@type\":\"ListItem\",\"position\":1,\"name\":\"Inicio\",\"item\":\"https:\/\/www.jach.com.mx\/en\/jach-iluminacion-english\/\"},{\"@type\":\"ListItem\",\"position\":2,\"name\":\"Contact\"}]},{\"@type\":\"WebSite\",\"@id\":\"https:\/\/www.jach.com.mx\/#website\",\"url\":\"https:\/\/www.jach.com.mx\/\",\"name\":\"Jach Iluminaci\u00f3n\",\"description\":\"Fabricaci\u00f3n de productos para el ahorro de energ\u00eda\",\"publisher\":{\"@id\":\"https:\/\/www.jach.com.mx\/#organization\"},\"potentialAction\":[{\"@type\":\"SearchAction\",\"target\":{\"@type\":\"EntryPoint\",\"urlTemplate\":\"https:\/\/www.jach.com.mx\/?s={search_term_string}\"},\"query-input\":\"required name=search_term_string\"}],\"inLanguage\":\"en-US\"},{\"@type\":\"Organization\",\"@id\":\"https:\/\/www.jach.com.mx\/#organization\",\"name\":\"Jach Iluminaci\u00f3n\",\"url\":\"https:\/\/www.jach.com.mx\/\",\"logo\":{\"@type\":\"ImageObject\",\"inLanguage\":\"en-US\",\"@id\":\"https:\/\/www.jach.com.mx\/#\/schema\/logo\/image\/\",\"url\":\"http:\/\/www.jach.com.mx\/wp-content\/uploads\/2018\/09\/logo.png\",\"contentUrl\":\"http:\/\/www.jach.com.mx\/wp-content\/uploads\/2018\/09\/logo.png\",\"width\":146,\"height\":42,\"caption\":\"Jach Iluminaci\u00f3n\"},\"image\":{\"@id\":\"https:\/\/www.jach.com.mx\/#\/schema\/logo\/image\/\"}}]}<\/script>\n<!-- \/ Yoast SEO plugin. -->","yoast_head_json":{"title":"Contact - Fabricaci\u00f3n de productos para el ahorro de energ\u00eda","description":"Marca de iluminaci\u00f3n LED 100% mexicana, especializ\u00e1ndonos en la fabricaci\u00f3n de productos para el ahorro de energ\u00eda: L\u00e1mparas, Luminarios, proyectores, Alumbrado p\u00fablico, Alumbrado industrial y m\u00e1s","robots":{"index":"index","follow":"follow","max-snippet":"max-snippet:-1","max-image-preview":"max-image-preview:large","max-video-preview":"max-video-preview:-1"},"canonical":"https:\/\/www.jach.com.mx\/en\/contact\/","og_locale":"en_US","og_type":"article","og_title":"Contact - Fabricaci\u00f3n de productos para el ahorro de energ\u00eda","og_description":"Marca de iluminaci\u00f3n LED 100% mexicana, especializ\u00e1ndonos en la fabricaci\u00f3n de productos para el ahorro de energ\u00eda: L\u00e1mparas, Luminarios, proyectores, Alumbrado p\u00fablico, Alumbrado industrial y m\u00e1s","og_url":"https:\/\/www.jach.com.mx\/en\/contact\/","og_site_name":"Jach Iluminaci\u00f3n","article_modified_time":"2022-05-18T16:27:36+00:00","twitter_card":"summary_large_image","twitter_misc":{"Est. reading time":"1 minute"},"schema":{"@context":"https:\/\/schema.org","@graph":[{"@type":"WebPage","@id":"https:\/\/www.jach.com.mx\/en\/contact\/","url":"https:\/\/www.jach.com.mx\/en\/contact\/","name":"Contact - Fabricaci\u00f3n de productos para el ahorro de energ\u00eda","isPartOf":{"@id":"https:\/\/www.jach.com.mx\/#website"},"datePublished":"2018-09-26T23:06:05+00:00","dateModified":"2022-05-18T16:27:36+00:00","description":"Marca de iluminaci\u00f3n LED 100% mexicana, especializ\u00e1ndonos en la fabricaci\u00f3n de productos para el ahorro de energ\u00eda: L\u00e1mparas, Luminarios, proyectores, Alumbrado p\u00fablico, Alumbrado industrial y m\u00e1s","breadcrumb":{"@id":"https:\/\/www.jach.com.mx\/en\/contact\/#breadcrumb"},"inLanguage":"en-US","potentialAction":[{"@type":"ReadAction","target":["https:\/\/www.jach.com.mx\/en\/contact\/"]}]},{"@type":"BreadcrumbList","@id":"https:\/\/www.jach.com.mx\/en\/contact\/#breadcrumb","itemListElement":[{"@type":"ListItem","position":1,"name":"Inicio","item":"https:\/\/www.jach.com.mx\/en\/jach-iluminacion-english\/"},{"@type":"ListItem","position":2,"name":"Contact"}]},{"@type":"WebSite","@id":"https:\/\/www.jach.com.mx\/#website","url":"https:\/\/www.jach.com.mx\/","name":"Jach Iluminaci\u00f3n","description":"Fabricaci\u00f3n de productos para el ahorro de energ\u00eda","publisher":{"@id":"https:\/\/www.jach.com.mx\/#organization"},"potentialAction":[{"@type":"SearchAction","target":{"@type":"EntryPoint","urlTemplate":"https:\/\/www.jach.com.mx\/?s={search_term_string}"},"query-input":"required name=search_term_string"}],"inLanguage":"en-US"},{"@type":"Organization","@id":"https:\/\/www.jach.com.mx\/#organization","name":"Jach Iluminaci\u00f3n","url":"https:\/\/www.jach.com.mx\/","logo":{"@type":"ImageObject","inLanguage":"en-US","@id":"https:\/\/www.jach.com.mx\/#\/schema\/logo\/image\/","url":"http:\/\/www.jach.com.mx\/wp-content\/uploads\/2018\/09\/logo.png","contentUrl":"http:\/\/www.jach.com.mx\/wp-content\/uploads\/2018\/09\/logo.png","width":146,"height":42,"caption":"Jach Iluminaci\u00f3n"},"image":{"@id":"https:\/\/www.jach.com.mx\/#\/schema\/logo\/image\/"}}]}},"_links":{"self":[{"href":"https:\/\/www.jach.com.mx\/en\/wp-json\/wp\/v2\/pages\/10203","targetHints":{"allow":["GET"]}}],"collection":[{"href":"https:\/\/www.jach.com.mx\/en\/wp-json\/wp\/v2\/pages"}],"about":[{"href":"https:\/\/www.jach.com.mx\/en\/wp-json\/wp\/v2\/types\/page"}],"author":[{"embeddable":true,"href":"https:\/\/www.jach.com.mx\/en\/wp-json\/wp\/v2\/users\/2"}],"replies":[{"embeddable":true,"href":"https:\/\/www.jach.com.mx\/en\/wp-json\/wp\/v2\/comments?post=10203"}],"version-history":[{"count":6,"href":"https:\/\/www.jach.com.mx\/en\/wp-json\/wp\/v2\/pages\/10203\/revisions"}],"predecessor-version":[{"id":10774,"href":"https:\/\/www.jach.com.mx\/en\/wp-json\/wp\/v2\/pages\/10203\/revisions\/10774"}],"wp:attachment":[{"href":"https:\/\/www.jach.com.mx\/en\/wp-json\/wp\/v2\/media?parent=10203"}],"curies":[{"name":"wp","href":"https:\/\/api.w.org\/{rel}","templated":true}]}}