{"id":10210,"date":"2018-09-26T17:05:10","date_gmt":"2018-09-26T23:05:10","guid":{"rendered":"http:\/\/www.jach.com.mx\/?page_id=10210"},"modified":"2022-07-14T03:23:10","modified_gmt":"2022-07-14T09:23:10","slug":"dealers","status":"publish","type":"page","link":"https:\/\/www.jach.com.mx\/en\/dealers\/","title":{"rendered":"Distributors"},"content":{"rendered":"<p>[vc_row type=&#8221;full-nopad&#8221; css=&#8221;.vc_custom_1634747547501{padding-top: 30px !important;padding-bottom: 30px !important;background-image: url(http:\/\/www.jach.com.mx\/wp-content\/uploads\/2021\/10\/separador-web-solo.jpg?id=10092) !important;background-position: center !important;background-repeat: no-repeat !important;background-size: cover !important;}&#8221;][vc_column][vc_custom_heading text=&#8221;LOOKING FOR A JACH DISTRIBUTOR IN YOUR AREA?&#8221; font_container=&#8221;tag:h1|text_align:center|color:%23ffffff&#8221; use_theme_fonts=&#8221;yes&#8221;][\/vc_column][\/vc_row][vc_row equal_height=&#8221;yes&#8221; content_placement=&#8221;middle&#8221; css=&#8221;.vc_custom_1634808216399{background-color: #ffffff !important;}&#8221;][vc_column width=&#8221;1\/2&#8243; css=&#8221;.vc_custom_1634808526800{padding-top: 100px !important;padding-right: 50px !important;padding-bottom: 50px !important;padding-left: 50px !important;}&#8221;][vc_column_text el_class=&#8221;h2-small&#8221; css=&#8221;.vc_custom_1634839721808{margin-bottom: 20px !important;}&#8221;]<\/p>\n<h2>States of the Republic with JACH presence:<\/h2>\n<p>In addition to our <a href=\"http:\/\/www.jach.com.mx\/en\/shop\/\">online store<\/a>, you can also find points of sale in the following States of the Republic.[\/vc_column_text][vc_row_inner type=&#8221;full-nopad&#8221;][vc_column_inner width=&#8221;1\/2&#8243;][vc_column_text el_class=&#8221;h1-small&#8221;]Aguascalientes<br \/>\nBaja California<br \/>\nBaja California Sur<br \/>\nChihuahua<br \/>\nCiudad De Mexico Coahuila<br \/>\nColima<br \/>\nDurango<br \/>\nEstado De Mexico<br \/>\nGuanajuato<br \/>\nHidalgo<br \/>\nJalisco<br \/>\nMichoacan<br \/>\nMorelos[\/vc_column_text][\/vc_column_inner][vc_column_inner width=&#8221;1\/2&#8243;][vc_column_text el_class=&#8221;h1-small&#8221;]Nayarit<br \/>\nNuevo Leon<br \/>\nOaxaca<br \/>\nPuebla Queretaro<br \/>\nQuintana Roo<br \/>\nSan Luis Potosi<br \/>\nSinaloa<br \/>\nSonora<br \/>\nTabasco<br \/>\nTamaulipas<br \/>\nVeracruz<br \/>\nYucatan<br \/>\nZacatecas[\/vc_column_text][\/vc_column_inner][\/vc_row_inner][\/vc_column][vc_column css_animation=&#8221;fadeInUp&#8221; width=&#8221;1\/2&#8243; css=&#8221;.vc_custom_1634808241186{padding-right: 50px !important;padding-left: 50px !important;background-color: #ffffff !important;}&#8221;][vc_single_image image=&#8221;10147&#8243; img_size=&#8221;full&#8221; alignment=&#8221;center&#8221;][\/vc_column][\/vc_row][vc_row equal_height=&#8221;yes&#8221; content_placement=&#8221;middle&#8221; css=&#8221;.vc_custom_1634808432185{border-top-width: 1px !important;background-color: #ffffff !important;border-top-color: #1e73be !important;border-top-style: solid !important;}&#8221;][vc_column width=&#8221;1\/4&#8243;][\/vc_column][vc_column width=&#8221;1\/2&#8243; css=&#8221;.vc_custom_1634808558374{padding-top: 50px !important;padding-bottom: 100px !important;}&#8221;][vc_column_text css=&#8221;.vc_custom_1657790540720{margin-bottom: 30px !important;}&#8221;]If you need to find a JACH distributor in your area, you can send us the following form and we will respond as soon as possible.[\/vc_column_text]<div role=\"form\" class=\"wpcf7\" id=\"wpcf7-f10207-o1\" lang=\"en-US\" dir=\"ltr\">\n<div class=\"screen-reader-response\"><p role=\"status\" aria-live=\"polite\" aria-atomic=\"true\"><\/p> <ul><\/ul><\/div>\n<form action=\"\/en\/wp-json\/wp\/v2\/pages\/10210#wpcf7-f10207-o1\" method=\"post\" class=\"wpcf7-form init\" novalidate=\"novalidate\" data-status=\"init\">\n<div style=\"display: none;\">\n<input type=\"hidden\" name=\"_wpcf7\" value=\"10207\" \/>\n<input type=\"hidden\" name=\"_wpcf7_version\" value=\"5.6.4\" \/>\n<input type=\"hidden\" name=\"_wpcf7_locale\" value=\"en_US\" \/>\n<input type=\"hidden\" name=\"_wpcf7_unit_tag\" value=\"wpcf7-f10207-o1\" \/>\n<input type=\"hidden\" name=\"_wpcf7_container_post\" value=\"0\" \/>\n<input type=\"hidden\" name=\"_wpcf7_posted_data_hash\" value=\"\" \/>\n<\/div>\n<p><span class=\"wpcf7-form-control-wrap\" data-name=\"nombre\"><input type=\"text\" name=\"nombre\" value=\"\" size=\"40\" class=\"wpcf7-form-control wpcf7-text wpcf7-validates-as-required\" id=\"your_name\" aria-required=\"true\" aria-invalid=\"false\" placeholder=\"Your name\" \/><\/span><\/p>\n<p class=\"half\">\n  <span class=\"wpcf7-form-control-wrap\" data-name=\"correo\"><input type=\"email\" name=\"correo\" value=\"\" size=\"40\" class=\"wpcf7-form-control wpcf7-text wpcf7-email wpcf7-validates-as-required wpcf7-validates-as-email\" id=\"your_email\" aria-required=\"true\" aria-invalid=\"false\" placeholder=\"Your email\" \/><\/span>\n<\/p>\n<p class=\"half\">\n  <span class=\"wpcf7-form-control-wrap\" data-name=\"telefono\"><input type=\"tel\" name=\"telefono\" value=\"\" size=\"40\" class=\"wpcf7-form-control wpcf7-text wpcf7-tel wpcf7-validates-as-required wpcf7-validates-as-tel\" id=\"contact_subject\" aria-required=\"true\" aria-invalid=\"false\" placeholder=\"Your telephone number\" \/><\/span>\n<\/p>\n<p class=\"half\">\n  <span class=\"wpcf7-form-control-wrap\" data-name=\"direccion\"><textarea name=\"direccion\" cols=\"40\" rows=\"4\" class=\"wpcf7-form-control wpcf7-textarea wpcf7-validates-as-required\" id=\"your_address\" aria-required=\"true\" aria-invalid=\"false\" placeholder=\"Your address\"><\/textarea><\/span>\n<\/p>\n<p class=\"half\">\n  <span class=\"wpcf7-form-control-wrap\" data-name=\"mensaje\"><textarea name=\"mensaje\" cols=\"40\" rows=\"4\" class=\"wpcf7-form-control wpcf7-textarea form-control\" id=\"your_message\" aria-invalid=\"false\" placeholder=\"Comments\"><\/textarea><\/span>\n<\/p>\n<p><span class=\"wpcf7-form-control-wrap\" data-name=\"aviso-legal\"><span class=\"wpcf7-form-control wpcf7-acceptance\"><span class=\"wpcf7-list-item\"><label><input type=\"checkbox\" name=\"aviso-legal\" value=\"1\" aria-invalid=\"false\" \/><span class=\"wpcf7-list-item-label\">I have read and accept the <a href=\"http:\/\/www.jach.com.mx\/aviso-de-privacidad\/\" target=\"_blank\">Privacy Policy<\/a><\/span><\/label><\/span><\/span><\/span><\/p>\n<p><input type=\"submit\" value=\"Send\" class=\"wpcf7-form-control has-spinner wpcf7-submit btn btn-outline\" \/><\/p>\n<div class=\"wpcf7-response-output\" aria-hidden=\"true\"><\/div><\/form><\/div>[\/vc_column][vc_column width=&#8221;1\/4&#8243;][\/vc_column][\/vc_row][vc_row type=&#8221;full-nopad&#8221; css=&#8221;.vc_custom_1634747547501{padding-top: 30px !important;padding-bottom: 30px !important;background-image: url(http:\/\/www.jach.com.mx\/wp-content\/uploads\/2021\/10\/separador-web-solo.jpg?id=10092) !important;background-position: center !important;background-repeat: no-repeat !important;background-size: cover !important;}&#8221;][vc_column][vc_custom_heading text=&#8221;DO YOU WANT TO BECOME A JACH DISTRIBUTOR?&#8221; font_container=&#8221;tag:h2|text_align:center|color:%23ffffff&#8221; use_theme_fonts=&#8221;yes&#8221;][\/vc_column][\/vc_row][vc_row type=&#8221;full-nopad&#8221; css=&#8221;.vc_custom_1634801684462{padding-top: 30px !important;padding-bottom: 30px !important;background-color: #ffffff !important;}&#8221;][vc_column width=&#8221;1\/4&#8243;][\/vc_column][vc_column width=&#8221;1\/2&#8243; css=&#8221;.vc_custom_1634809252049{padding-top: 50px !important;padding-right: 50px !important;padding-bottom: 50px !important;padding-left: 50px !important;}&#8221;][vc_column_text css=&#8221;.vc_custom_1634840917415{padding-bottom: 30px !important;}&#8221;]To be our distributor, please contact us by filling in the following form.[\/vc_column_text]<div role=\"form\" class=\"wpcf7\" id=\"wpcf7-f10214-o2\" lang=\"en-US\" dir=\"ltr\">\n<div class=\"screen-reader-response\"><p role=\"status\" aria-live=\"polite\" aria-atomic=\"true\"><\/p> <ul><\/ul><\/div>\n<form action=\"\/en\/wp-json\/wp\/v2\/pages\/10210#wpcf7-f10214-o2\" method=\"post\" class=\"wpcf7-form init\" novalidate=\"novalidate\" data-status=\"init\">\n<div style=\"display: none;\">\n<input type=\"hidden\" name=\"_wpcf7\" value=\"10214\" \/>\n<input type=\"hidden\" name=\"_wpcf7_version\" value=\"5.6.4\" \/>\n<input type=\"hidden\" name=\"_wpcf7_locale\" value=\"en_US\" \/>\n<input type=\"hidden\" name=\"_wpcf7_unit_tag\" value=\"wpcf7-f10214-o2\" \/>\n<input type=\"hidden\" name=\"_wpcf7_container_post\" value=\"0\" \/>\n<input type=\"hidden\" name=\"_wpcf7_posted_data_hash\" value=\"\" \/>\n<\/div>\n<p><span class=\"wpcf7-form-control-wrap\" data-name=\"nombre\"><input type=\"text\" name=\"nombre\" value=\"\" size=\"40\" class=\"wpcf7-form-control wpcf7-text wpcf7-validates-as-required\" id=\"your_name\" aria-required=\"true\" aria-invalid=\"false\" placeholder=\"Your name\" \/><\/span><\/p>\n<p class=\"half\">\n  <span class=\"wpcf7-form-control-wrap\" data-name=\"correo\"><input type=\"email\" name=\"correo\" value=\"\" size=\"40\" class=\"wpcf7-form-control wpcf7-text wpcf7-email wpcf7-validates-as-required wpcf7-validates-as-email\" id=\"your_email\" aria-required=\"true\" aria-invalid=\"false\" placeholder=\"Your email\" \/><\/span>\n<\/p>\n<p class=\"half\">\n  <span class=\"wpcf7-form-control-wrap\" data-name=\"telefono\"><input type=\"tel\" name=\"telefono\" value=\"\" size=\"40\" class=\"wpcf7-form-control wpcf7-text wpcf7-tel wpcf7-validates-as-required wpcf7-validates-as-tel\" id=\"contact_subject\" aria-required=\"true\" aria-invalid=\"false\" placeholder=\"Your telephone\" \/><\/span>\n<\/p>\n<p><span class=\"wpcf7-form-control-wrap\" data-name=\"empresa\"><input type=\"text\" name=\"empresa\" value=\"\" size=\"40\" class=\"wpcf7-form-control wpcf7-text wpcf7-validates-as-required\" id=\"your_company\" aria-required=\"true\" aria-invalid=\"false\" placeholder=\"Company\" \/><\/span><\/p>\n<p class=\"half\">\n  <span class=\"wpcf7-form-control-wrap\" data-name=\"direccion\"><textarea name=\"direccion\" cols=\"40\" rows=\"4\" class=\"wpcf7-form-control wpcf7-textarea wpcf7-validates-as-required\" id=\"your_address\" aria-required=\"true\" aria-invalid=\"false\" placeholder=\"Your address\"><\/textarea><\/span>\n<\/p>\n<p class=\"half\">\n  <span class=\"wpcf7-form-control-wrap\" data-name=\"mensaje\"><textarea name=\"mensaje\" cols=\"40\" rows=\"4\" class=\"wpcf7-form-control wpcf7-textarea form-control\" id=\"your_message\" aria-invalid=\"false\" placeholder=\"Comments\"><\/textarea><\/span>\n<\/p>\n<p><span class=\"wpcf7-form-control-wrap\" data-name=\"aviso-legal\"><span class=\"wpcf7-form-control wpcf7-acceptance\"><span class=\"wpcf7-list-item\"><label><input type=\"checkbox\" name=\"aviso-legal\" value=\"1\" aria-invalid=\"false\" \/><span class=\"wpcf7-list-item-label\">I have read and accept the <a href=\"http:\/\/www.jach.com.mx\/aviso-de-privacidad\/\" target=\"_blank\">Privacy Policy<\/a><\/span><\/label><\/span><\/span><\/span><\/p>\n<p><input type=\"submit\" value=\"Send request\" class=\"wpcf7-form-control has-spinner wpcf7-submit btn btn-outline\" \/><\/p>\n<div class=\"wpcf7-response-output\" aria-hidden=\"true\"><\/div><\/form><\/div>[\/vc_column][vc_column width=&#8221;1\/4&#8243;][\/vc_column][\/vc_row]<\/p>\n","protected":false},"excerpt":{"rendered":"<p>[vc_row type=&#8221;full-nopad&#8221; css=&#8221;.vc_custom_1634747547501{padding-top: 30px !important;padding-bottom: 30px !important;background-image: url(http:\/\/www.jach.com.mx\/wp-content\/uploads\/2021\/10\/separador-web-solo.jpg?id=10092) !important;background-position: center !important;background-repeat: no-repeat !important;background-size: cover !important;}&#8221;][vc_column][vc_custom_heading text=&#8221;LOOKING FOR A JACH DISTRIBUTOR IN YOUR AREA?&#8221; font_container=&#8221;tag:h1|text_align:center|color:%23ffffff&#8221; use_theme_fonts=&#8221;yes&#8221;][\/vc_column][\/vc_row][vc_row equal_height=&#8221;yes&#8221; content_placement=&#8221;middle&#8221; css=&#8221;.vc_custom_1634808216399{background-color: #ffffff !important;}&#8221;][vc_column width=&#8221;1\/2&#8243; css=&#8221;.vc_custom_1634808526800{padding-top: 100px !important;padding-right: 50px !important;padding-bottom: 50px !important;padding-left: 50px !important;}&#8221;][vc_column_text el_class=&#8221;h2-small&#8221; css=&#8221;.vc_custom_1634839721808{margin-bottom: 20px !important;}&#8221;] States of the Republic with JACH presence: In addition to our &hellip;<\/p>\n","protected":false},"author":2,"featured_media":0,"parent":0,"menu_order":0,"comment_status":"closed","ping_status":"closed","template":"templates\/page-full.php","meta":{"footnotes":""},"class_list":["post-10210","page","type-page","status-publish","hentry"],"yoast_head":"<!-- This site is optimized with the Yoast SEO plugin v19.9 - https:\/\/yoast.com\/wordpress\/plugins\/seo\/ -->\n<title>Distributors - Fabricaci\u00f3n de productos para el ahorro de energ\u00eda<\/title>\n<meta name=\"description\" content=\"Marca de iluminaci\u00f3n LED 100% mexicana, especializ\u00e1ndonos en la fabricaci\u00f3n de productos para el ahorro de energ\u00eda: L\u00e1mparas, Luminarios, proyectores, Alumbrado p\u00fablico, Alumbrado industrial y m\u00e1s\" \/>\n<meta name=\"robots\" content=\"index, follow, max-snippet:-1, max-image-preview:large, max-video-preview:-1\" \/>\n<link rel=\"canonical\" href=\"https:\/\/www.jach.com.mx\/en\/dealers\/\" \/>\n<meta property=\"og:locale\" content=\"en_US\" \/>\n<meta property=\"og:type\" content=\"article\" \/>\n<meta property=\"og:title\" content=\"Distributors - Fabricaci\u00f3n de productos para el ahorro de energ\u00eda\" \/>\n<meta property=\"og:description\" content=\"Marca de iluminaci\u00f3n LED 100% mexicana, especializ\u00e1ndonos en la fabricaci\u00f3n de productos para el ahorro de energ\u00eda: L\u00e1mparas, Luminarios, proyectores, Alumbrado p\u00fablico, Alumbrado industrial y m\u00e1s\" \/>\n<meta property=\"og:url\" content=\"https:\/\/www.jach.com.mx\/en\/dealers\/\" \/>\n<meta property=\"og:site_name\" content=\"Jach Iluminaci\u00f3n\" \/>\n<meta property=\"article:modified_time\" content=\"2022-07-14T09:23:10+00:00\" \/>\n<meta name=\"twitter:card\" content=\"summary_large_image\" \/>\n<meta name=\"twitter:label1\" content=\"Est. reading time\" \/>\n\t<meta name=\"twitter:data1\" content=\"2 minutes\" \/>\n<script type=\"application\/ld+json\" class=\"yoast-schema-graph\">{\"@context\":\"https:\/\/schema.org\",\"@graph\":[{\"@type\":\"WebPage\",\"@id\":\"https:\/\/www.jach.com.mx\/en\/dealers\/\",\"url\":\"https:\/\/www.jach.com.mx\/en\/dealers\/\",\"name\":\"Distributors - Fabricaci\u00f3n de productos para el ahorro de energ\u00eda\",\"isPartOf\":{\"@id\":\"https:\/\/www.jach.com.mx\/#website\"},\"datePublished\":\"2018-09-26T23:05:10+00:00\",\"dateModified\":\"2022-07-14T09:23:10+00:00\",\"description\":\"Marca de iluminaci\u00f3n LED 100% mexicana, especializ\u00e1ndonos en la fabricaci\u00f3n de productos para el ahorro de energ\u00eda: L\u00e1mparas, Luminarios, proyectores, Alumbrado p\u00fablico, Alumbrado industrial y m\u00e1s\",\"breadcrumb\":{\"@id\":\"https:\/\/www.jach.com.mx\/en\/dealers\/#breadcrumb\"},\"inLanguage\":\"en-US\",\"potentialAction\":[{\"@type\":\"ReadAction\",\"target\":[\"https:\/\/www.jach.com.mx\/en\/dealers\/\"]}]},{\"@type\":\"BreadcrumbList\",\"@id\":\"https:\/\/www.jach.com.mx\/en\/dealers\/#breadcrumb\",\"itemListElement\":[{\"@type\":\"ListItem\",\"position\":1,\"name\":\"Inicio\",\"item\":\"https:\/\/www.jach.com.mx\/en\/jach-iluminacion-english\/\"},{\"@type\":\"ListItem\",\"position\":2,\"name\":\"Distributors\"}]},{\"@type\":\"WebSite\",\"@id\":\"https:\/\/www.jach.com.mx\/#website\",\"url\":\"https:\/\/www.jach.com.mx\/\",\"name\":\"Jach Iluminaci\u00f3n\",\"description\":\"Fabricaci\u00f3n de productos para el ahorro de energ\u00eda\",\"publisher\":{\"@id\":\"https:\/\/www.jach.com.mx\/#organization\"},\"potentialAction\":[{\"@type\":\"SearchAction\",\"target\":{\"@type\":\"EntryPoint\",\"urlTemplate\":\"https:\/\/www.jach.com.mx\/?s={search_term_string}\"},\"query-input\":\"required name=search_term_string\"}],\"inLanguage\":\"en-US\"},{\"@type\":\"Organization\",\"@id\":\"https:\/\/www.jach.com.mx\/#organization\",\"name\":\"Jach Iluminaci\u00f3n\",\"url\":\"https:\/\/www.jach.com.mx\/\",\"logo\":{\"@type\":\"ImageObject\",\"inLanguage\":\"en-US\",\"@id\":\"https:\/\/www.jach.com.mx\/#\/schema\/logo\/image\/\",\"url\":\"http:\/\/www.jach.com.mx\/wp-content\/uploads\/2018\/09\/logo.png\",\"contentUrl\":\"http:\/\/www.jach.com.mx\/wp-content\/uploads\/2018\/09\/logo.png\",\"width\":146,\"height\":42,\"caption\":\"Jach Iluminaci\u00f3n\"},\"image\":{\"@id\":\"https:\/\/www.jach.com.mx\/#\/schema\/logo\/image\/\"}}]}<\/script>\n<!-- \/ Yoast SEO plugin. -->","yoast_head_json":{"title":"Distributors - Fabricaci\u00f3n de productos para el ahorro de energ\u00eda","description":"Marca de iluminaci\u00f3n LED 100% mexicana, especializ\u00e1ndonos en la fabricaci\u00f3n de productos para el ahorro de energ\u00eda: L\u00e1mparas, Luminarios, proyectores, Alumbrado p\u00fablico, Alumbrado industrial y m\u00e1s","robots":{"index":"index","follow":"follow","max-snippet":"max-snippet:-1","max-image-preview":"max-image-preview:large","max-video-preview":"max-video-preview:-1"},"canonical":"https:\/\/www.jach.com.mx\/en\/dealers\/","og_locale":"en_US","og_type":"article","og_title":"Distributors - Fabricaci\u00f3n de productos para el ahorro de energ\u00eda","og_description":"Marca de iluminaci\u00f3n LED 100% mexicana, especializ\u00e1ndonos en la fabricaci\u00f3n de productos para el ahorro de energ\u00eda: L\u00e1mparas, Luminarios, proyectores, Alumbrado p\u00fablico, Alumbrado industrial y m\u00e1s","og_url":"https:\/\/www.jach.com.mx\/en\/dealers\/","og_site_name":"Jach Iluminaci\u00f3n","article_modified_time":"2022-07-14T09:23:10+00:00","twitter_card":"summary_large_image","twitter_misc":{"Est. reading time":"2 minutes"},"schema":{"@context":"https:\/\/schema.org","@graph":[{"@type":"WebPage","@id":"https:\/\/www.jach.com.mx\/en\/dealers\/","url":"https:\/\/www.jach.com.mx\/en\/dealers\/","name":"Distributors - Fabricaci\u00f3n de productos para el ahorro de energ\u00eda","isPartOf":{"@id":"https:\/\/www.jach.com.mx\/#website"},"datePublished":"2018-09-26T23:05:10+00:00","dateModified":"2022-07-14T09:23:10+00:00","description":"Marca de iluminaci\u00f3n LED 100% mexicana, especializ\u00e1ndonos en la fabricaci\u00f3n de productos para el ahorro de energ\u00eda: L\u00e1mparas, Luminarios, proyectores, Alumbrado p\u00fablico, Alumbrado industrial y m\u00e1s","breadcrumb":{"@id":"https:\/\/www.jach.com.mx\/en\/dealers\/#breadcrumb"},"inLanguage":"en-US","potentialAction":[{"@type":"ReadAction","target":["https:\/\/www.jach.com.mx\/en\/dealers\/"]}]},{"@type":"BreadcrumbList","@id":"https:\/\/www.jach.com.mx\/en\/dealers\/#breadcrumb","itemListElement":[{"@type":"ListItem","position":1,"name":"Inicio","item":"https:\/\/www.jach.com.mx\/en\/jach-iluminacion-english\/"},{"@type":"ListItem","position":2,"name":"Distributors"}]},{"@type":"WebSite","@id":"https:\/\/www.jach.com.mx\/#website","url":"https:\/\/www.jach.com.mx\/","name":"Jach Iluminaci\u00f3n","description":"Fabricaci\u00f3n de productos para el ahorro de energ\u00eda","publisher":{"@id":"https:\/\/www.jach.com.mx\/#organization"},"potentialAction":[{"@type":"SearchAction","target":{"@type":"EntryPoint","urlTemplate":"https:\/\/www.jach.com.mx\/?s={search_term_string}"},"query-input":"required name=search_term_string"}],"inLanguage":"en-US"},{"@type":"Organization","@id":"https:\/\/www.jach.com.mx\/#organization","name":"Jach Iluminaci\u00f3n","url":"https:\/\/www.jach.com.mx\/","logo":{"@type":"ImageObject","inLanguage":"en-US","@id":"https:\/\/www.jach.com.mx\/#\/schema\/logo\/image\/","url":"http:\/\/www.jach.com.mx\/wp-content\/uploads\/2018\/09\/logo.png","contentUrl":"http:\/\/www.jach.com.mx\/wp-content\/uploads\/2018\/09\/logo.png","width":146,"height":42,"caption":"Jach Iluminaci\u00f3n"},"image":{"@id":"https:\/\/www.jach.com.mx\/#\/schema\/logo\/image\/"}}]}},"_links":{"self":[{"href":"https:\/\/www.jach.com.mx\/en\/wp-json\/wp\/v2\/pages\/10210","targetHints":{"allow":["GET"]}}],"collection":[{"href":"https:\/\/www.jach.com.mx\/en\/wp-json\/wp\/v2\/pages"}],"about":[{"href":"https:\/\/www.jach.com.mx\/en\/wp-json\/wp\/v2\/types\/page"}],"author":[{"embeddable":true,"href":"https:\/\/www.jach.com.mx\/en\/wp-json\/wp\/v2\/users\/2"}],"replies":[{"embeddable":true,"href":"https:\/\/www.jach.com.mx\/en\/wp-json\/wp\/v2\/comments?post=10210"}],"version-history":[{"count":6,"href":"https:\/\/www.jach.com.mx\/en\/wp-json\/wp\/v2\/pages\/10210\/revisions"}],"predecessor-version":[{"id":11852,"href":"https:\/\/www.jach.com.mx\/en\/wp-json\/wp\/v2\/pages\/10210\/revisions\/11852"}],"wp:attachment":[{"href":"https:\/\/www.jach.com.mx\/en\/wp-json\/wp\/v2\/media?parent=10210"}],"curies":[{"name":"wp","href":"https:\/\/api.w.org\/{rel}","templated":true}]}}