{"id":10222,"date":"2018-09-26T17:04:22","date_gmt":"2018-09-26T23:04:22","guid":{"rendered":"http:\/\/www.jach.com.mx\/?page_id=10222"},"modified":"2021-10-21T12:34:47","modified_gmt":"2021-10-21T18:34:47","slug":"about-us","status":"publish","type":"page","link":"https:\/\/www.jach.com.mx\/en\/about-us\/","title":{"rendered":"About us"},"content":{"rendered":"<p>[vc_row type=&#8221;full-nopad&#8221;][vc_column css_animation=&#8221;fadeIn&#8221; css=&#8221;.vc_custom_1634742870088{padding-top: 150px !important;padding-bottom: 150px !important;background-image: url(http:\/\/www.jach.com.mx\/wp-content\/uploads\/2021\/10\/jach-nosotros.jpg?id=10137) !important;background-position: center !important;background-repeat: no-repeat !important;background-size: cover !important;}&#8221; offset=&#8221;vc_hidden-lg vc_hidden-md&#8221;][\/vc_column][\/vc_row][vc_row type=&#8221;full-nopad&#8221; equal_height=&#8221;yes&#8221;][vc_column css_animation=&#8221;fadeIn&#8221; width=&#8221;1\/2&#8243; css=&#8221;.vc_custom_1634742596984{background-image: url(http:\/\/www.jach.com.mx\/wp-content\/uploads\/2021\/10\/jach-nosotros.jpg?id=10137) !important;background-position: center !important;background-repeat: no-repeat !important;background-size: cover !important;}&#8221; offset=&#8221;vc_hidden-sm vc_hidden-xs&#8221;][\/vc_column][vc_column width=&#8221;1\/2&#8243; css=&#8221;.vc_custom_1634742103938{padding-top: 100px !important;padding-right: 50px !important;padding-bottom: 100px !important;padding-left: 50px !important;background-color: #ffffff !important;}&#8221;][vc_column_text el_class=&#8221;h1-small&#8221;]<\/p>\n<h1>Somos una marca de iluminaci\u00f3n LED 100% mexicana,<\/h1>\n<p>especializ\u00e1ndonos en la fabricaci\u00f3n de productos para el ahorro de energ\u00eda. Estamos conformados por un equipo de calidad con una \u00e9tica fundamentada en el valor de cada cliente. Adem\u00e1s, una infraestructura adecuada, con personal capacitado para hacer mediciones y proyectos precisos para as\u00ed ofrecer productos con valores reales a nuestros clientes.[\/vc_column_text][vc_column_text css=&#8221;.vc_custom_1634742228307{padding-top: 20px !important;}&#8221;]<strong>Contamos con:<\/strong><\/p>\n<ul>\n<li>Estrechas alianzas con proveedores y fabricantes.<\/li>\n<li>Laboratorio de investigaci\u00f3n Jach<\/li>\n<li>Equipo de desarrollo de proyectos.<\/li>\n<li>Fuerza de ventas especializadas en iluminaci\u00f3n<\/li>\n<\/ul>\n<p>[\/vc_column_text][vc_column_text css=&#8221;.vc_custom_1634742238962{padding-top: 20px !important;}&#8221;]<strong>Nuestro objetivo:<\/strong><\/p>\n<p>Brindar a nuestros clientes la mejor iluminaci\u00f3n del mercado con el menor consumo de energ\u00eda\u00a0 a trav\u00e9s de productos de calidad a un precio justo, aunado a un servicio \u00a0de calidad proporcionado por mexicanos de excelencia, ofreciendo de esta manera\u00a0una\u00a0<span style=\"color: #293241;\"><strong>inversi\u00f3n garantizada<\/strong><\/span>.[\/vc_column_text][\/vc_column][\/vc_row]<\/p>\n","protected":false},"excerpt":{"rendered":"<p>[vc_row type=&#8221;full-nopad&#8221;][vc_column css_animation=&#8221;fadeIn&#8221; css=&#8221;.vc_custom_1634742870088{padding-top: 150px !important;padding-bottom: 150px !important;background-image: url(http:\/\/www.jach.com.mx\/wp-content\/uploads\/2021\/10\/jach-nosotros.jpg?id=10137) !important;background-position: center !important;background-repeat: no-repeat !important;background-size: cover !important;}&#8221; offset=&#8221;vc_hidden-lg vc_hidden-md&#8221;][\/vc_column][\/vc_row][vc_row type=&#8221;full-nopad&#8221; equal_height=&#8221;yes&#8221;][vc_column css_animation=&#8221;fadeIn&#8221; width=&#8221;1\/2&#8243; css=&#8221;.vc_custom_1634742596984{background-image: url(http:\/\/www.jach.com.mx\/wp-content\/uploads\/2021\/10\/jach-nosotros.jpg?id=10137) !important;background-position: center !important;background-repeat: no-repeat !important;background-size: cover !important;}&#8221; offset=&#8221;vc_hidden-sm vc_hidden-xs&#8221;][\/vc_column][vc_column width=&#8221;1\/2&#8243; css=&#8221;.vc_custom_1634742103938{padding-top: 100px !important;padding-right: 50px !important;padding-bottom: 100px !important;padding-left: 50px !important;background-color: #ffffff !important;}&#8221;][vc_column_text el_class=&#8221;h1-small&#8221;] Somos una marca de iluminaci\u00f3n LED 100% mexicana, especializ\u00e1ndonos &hellip;<\/p>\n","protected":false},"author":2,"featured_media":0,"parent":0,"menu_order":0,"comment_status":"closed","ping_status":"closed","template":"templates\/page-full.php","meta":{"footnotes":""},"class_list":["post-10222","page","type-page","status-publish","hentry"],"yoast_head":"<!-- This site is optimized with the Yoast SEO plugin v19.9 - https:\/\/yoast.com\/wordpress\/plugins\/seo\/ -->\n<title>About us - Fabricaci\u00f3n de productos para el ahorro de energ\u00eda<\/title>\n<meta name=\"description\" content=\"Marca de iluminaci\u00f3n LED 100% mexicana, especializ\u00e1ndonos en la fabricaci\u00f3n de productos para el ahorro de energ\u00eda: L\u00e1mparas, Luminarios, proyectores, Alumbrado p\u00fablico, Alumbrado industrial y m\u00e1s\" \/>\n<meta name=\"robots\" content=\"index, follow, max-snippet:-1, max-image-preview:large, max-video-preview:-1\" \/>\n<link rel=\"canonical\" href=\"https:\/\/www.jach.com.mx\/en\/about-us\/\" \/>\n<meta property=\"og:locale\" content=\"en_US\" \/>\n<meta property=\"og:type\" content=\"article\" \/>\n<meta property=\"og:title\" content=\"About us - Fabricaci\u00f3n de productos para el ahorro de energ\u00eda\" \/>\n<meta property=\"og:description\" content=\"Marca de iluminaci\u00f3n LED 100% mexicana, especializ\u00e1ndonos en la fabricaci\u00f3n de productos para el ahorro de energ\u00eda: L\u00e1mparas, Luminarios, proyectores, Alumbrado p\u00fablico, Alumbrado industrial y m\u00e1s\" \/>\n<meta property=\"og:url\" content=\"https:\/\/www.jach.com.mx\/en\/about-us\/\" \/>\n<meta property=\"og:site_name\" content=\"Jach Iluminaci\u00f3n\" \/>\n<meta property=\"article:modified_time\" content=\"2021-10-21T18:34:47+00:00\" \/>\n<meta name=\"twitter:card\" content=\"summary_large_image\" \/>\n<meta name=\"twitter:label1\" content=\"Est. reading time\" \/>\n\t<meta name=\"twitter:data1\" content=\"1 minute\" \/>\n<script type=\"application\/ld+json\" class=\"yoast-schema-graph\">{\"@context\":\"https:\/\/schema.org\",\"@graph\":[{\"@type\":\"WebPage\",\"@id\":\"https:\/\/www.jach.com.mx\/en\/about-us\/\",\"url\":\"https:\/\/www.jach.com.mx\/en\/about-us\/\",\"name\":\"About us - Fabricaci\u00f3n de productos para el ahorro de energ\u00eda\",\"isPartOf\":{\"@id\":\"https:\/\/www.jach.com.mx\/#website\"},\"datePublished\":\"2018-09-26T23:04:22+00:00\",\"dateModified\":\"2021-10-21T18:34:47+00:00\",\"description\":\"Marca de iluminaci\u00f3n LED 100% mexicana, especializ\u00e1ndonos en la fabricaci\u00f3n de productos para el ahorro de energ\u00eda: L\u00e1mparas, Luminarios, proyectores, Alumbrado p\u00fablico, Alumbrado industrial y m\u00e1s\",\"breadcrumb\":{\"@id\":\"https:\/\/www.jach.com.mx\/en\/about-us\/#breadcrumb\"},\"inLanguage\":\"en-US\",\"potentialAction\":[{\"@type\":\"ReadAction\",\"target\":[\"https:\/\/www.jach.com.mx\/en\/about-us\/\"]}]},{\"@type\":\"BreadcrumbList\",\"@id\":\"https:\/\/www.jach.com.mx\/en\/about-us\/#breadcrumb\",\"itemListElement\":[{\"@type\":\"ListItem\",\"position\":1,\"name\":\"Inicio\",\"item\":\"https:\/\/www.jach.com.mx\/en\/jach-iluminacion-english\/\"},{\"@type\":\"ListItem\",\"position\":2,\"name\":\"About us\"}]},{\"@type\":\"WebSite\",\"@id\":\"https:\/\/www.jach.com.mx\/#website\",\"url\":\"https:\/\/www.jach.com.mx\/\",\"name\":\"Jach Iluminaci\u00f3n\",\"description\":\"Fabricaci\u00f3n de productos para el ahorro de energ\u00eda\",\"publisher\":{\"@id\":\"https:\/\/www.jach.com.mx\/#organization\"},\"potentialAction\":[{\"@type\":\"SearchAction\",\"target\":{\"@type\":\"EntryPoint\",\"urlTemplate\":\"https:\/\/www.jach.com.mx\/?s={search_term_string}\"},\"query-input\":\"required name=search_term_string\"}],\"inLanguage\":\"en-US\"},{\"@type\":\"Organization\",\"@id\":\"https:\/\/www.jach.com.mx\/#organization\",\"name\":\"Jach Iluminaci\u00f3n\",\"url\":\"https:\/\/www.jach.com.mx\/\",\"logo\":{\"@type\":\"ImageObject\",\"inLanguage\":\"en-US\",\"@id\":\"https:\/\/www.jach.com.mx\/#\/schema\/logo\/image\/\",\"url\":\"http:\/\/www.jach.com.mx\/wp-content\/uploads\/2018\/09\/logo.png\",\"contentUrl\":\"http:\/\/www.jach.com.mx\/wp-content\/uploads\/2018\/09\/logo.png\",\"width\":146,\"height\":42,\"caption\":\"Jach Iluminaci\u00f3n\"},\"image\":{\"@id\":\"https:\/\/www.jach.com.mx\/#\/schema\/logo\/image\/\"}}]}<\/script>\n<!-- \/ Yoast SEO plugin. -->","yoast_head_json":{"title":"About us - Fabricaci\u00f3n de productos para el ahorro de energ\u00eda","description":"Marca de iluminaci\u00f3n LED 100% mexicana, especializ\u00e1ndonos en la fabricaci\u00f3n de productos para el ahorro de energ\u00eda: L\u00e1mparas, Luminarios, proyectores, Alumbrado p\u00fablico, Alumbrado industrial y m\u00e1s","robots":{"index":"index","follow":"follow","max-snippet":"max-snippet:-1","max-image-preview":"max-image-preview:large","max-video-preview":"max-video-preview:-1"},"canonical":"https:\/\/www.jach.com.mx\/en\/about-us\/","og_locale":"en_US","og_type":"article","og_title":"About us - Fabricaci\u00f3n de productos para el ahorro de energ\u00eda","og_description":"Marca de iluminaci\u00f3n LED 100% mexicana, especializ\u00e1ndonos en la fabricaci\u00f3n de productos para el ahorro de energ\u00eda: L\u00e1mparas, Luminarios, proyectores, Alumbrado p\u00fablico, Alumbrado industrial y m\u00e1s","og_url":"https:\/\/www.jach.com.mx\/en\/about-us\/","og_site_name":"Jach Iluminaci\u00f3n","article_modified_time":"2021-10-21T18:34:47+00:00","twitter_card":"summary_large_image","twitter_misc":{"Est. reading time":"1 minute"},"schema":{"@context":"https:\/\/schema.org","@graph":[{"@type":"WebPage","@id":"https:\/\/www.jach.com.mx\/en\/about-us\/","url":"https:\/\/www.jach.com.mx\/en\/about-us\/","name":"About us - Fabricaci\u00f3n de productos para el ahorro de energ\u00eda","isPartOf":{"@id":"https:\/\/www.jach.com.mx\/#website"},"datePublished":"2018-09-26T23:04:22+00:00","dateModified":"2021-10-21T18:34:47+00:00","description":"Marca de iluminaci\u00f3n LED 100% mexicana, especializ\u00e1ndonos en la fabricaci\u00f3n de productos para el ahorro de energ\u00eda: L\u00e1mparas, Luminarios, proyectores, Alumbrado p\u00fablico, Alumbrado industrial y m\u00e1s","breadcrumb":{"@id":"https:\/\/www.jach.com.mx\/en\/about-us\/#breadcrumb"},"inLanguage":"en-US","potentialAction":[{"@type":"ReadAction","target":["https:\/\/www.jach.com.mx\/en\/about-us\/"]}]},{"@type":"BreadcrumbList","@id":"https:\/\/www.jach.com.mx\/en\/about-us\/#breadcrumb","itemListElement":[{"@type":"ListItem","position":1,"name":"Inicio","item":"https:\/\/www.jach.com.mx\/en\/jach-iluminacion-english\/"},{"@type":"ListItem","position":2,"name":"About us"}]},{"@type":"WebSite","@id":"https:\/\/www.jach.com.mx\/#website","url":"https:\/\/www.jach.com.mx\/","name":"Jach Iluminaci\u00f3n","description":"Fabricaci\u00f3n de productos para el ahorro de energ\u00eda","publisher":{"@id":"https:\/\/www.jach.com.mx\/#organization"},"potentialAction":[{"@type":"SearchAction","target":{"@type":"EntryPoint","urlTemplate":"https:\/\/www.jach.com.mx\/?s={search_term_string}"},"query-input":"required name=search_term_string"}],"inLanguage":"en-US"},{"@type":"Organization","@id":"https:\/\/www.jach.com.mx\/#organization","name":"Jach Iluminaci\u00f3n","url":"https:\/\/www.jach.com.mx\/","logo":{"@type":"ImageObject","inLanguage":"en-US","@id":"https:\/\/www.jach.com.mx\/#\/schema\/logo\/image\/","url":"http:\/\/www.jach.com.mx\/wp-content\/uploads\/2018\/09\/logo.png","contentUrl":"http:\/\/www.jach.com.mx\/wp-content\/uploads\/2018\/09\/logo.png","width":146,"height":42,"caption":"Jach Iluminaci\u00f3n"},"image":{"@id":"https:\/\/www.jach.com.mx\/#\/schema\/logo\/image\/"}}]}},"_links":{"self":[{"href":"https:\/\/www.jach.com.mx\/en\/wp-json\/wp\/v2\/pages\/10222","targetHints":{"allow":["GET"]}}],"collection":[{"href":"https:\/\/www.jach.com.mx\/en\/wp-json\/wp\/v2\/pages"}],"about":[{"href":"https:\/\/www.jach.com.mx\/en\/wp-json\/wp\/v2\/types\/page"}],"author":[{"embeddable":true,"href":"https:\/\/www.jach.com.mx\/en\/wp-json\/wp\/v2\/users\/2"}],"replies":[{"embeddable":true,"href":"https:\/\/www.jach.com.mx\/en\/wp-json\/wp\/v2\/comments?post=10222"}],"version-history":[{"count":3,"href":"https:\/\/www.jach.com.mx\/en\/wp-json\/wp\/v2\/pages\/10222\/revisions"}],"predecessor-version":[{"id":10225,"href":"https:\/\/www.jach.com.mx\/en\/wp-json\/wp\/v2\/pages\/10222\/revisions\/10225"}],"wp:attachment":[{"href":"https:\/\/www.jach.com.mx\/en\/wp-json\/wp\/v2\/media?parent=10222"}],"curies":[{"name":"wp","href":"https:\/\/api.w.org\/{rel}","templated":true}]}}