{"id":14218,"date":"2022-09-13T04:05:23","date_gmt":"2022-09-13T10:05:23","guid":{"rendered":"https:\/\/www.jach.com.mx\/producto\/100w-wide-optical-rgb-led-floodlight-with-control\/"},"modified":"2022-09-13T04:05:23","modified_gmt":"2022-09-13T10:05:23","slug":"reflector-rgb-led-100w-wide-optical-con-control-2","status":"publish","type":"product","link":"https:\/\/www.jach.com.mx\/en\/producto\/reflector-rgb-led-100w-wide-optical-con-control-2\/","title":{"rendered":"100W Wide Optical RGB LED Floodlight with Control"},"content":{"rendered":"","protected":false},"excerpt":{"rendered":"","protected":false},"featured_media":13646,"comment_status":"closed","ping_status":"closed","template":"","meta":[],"product_cat":[728],"product_tag":[],"class_list":["post-14218","product","type-product","status-publish","has-post-thumbnail","hentry","product_cat-floodlighting","pa_tono-de-luz-multicolor-en"],"yoast_head":"<!-- This site is optimized with the Yoast SEO plugin v19.9 - https:\/\/yoast.com\/wordpress\/plugins\/seo\/ -->\n<title>100W Wide Optical RGB LED Floodlight with Control - Fabricaci\u00f3n de productos para el ahorro de energ\u00eda<\/title>\n<meta name=\"description\" content=\"Marca de iluminaci\u00f3n LED 100% mexicana, especializ\u00e1ndonos en la fabricaci\u00f3n de productos para el ahorro de energ\u00eda: L\u00e1mparas, Luminarios, proyectores, Alumbrado p\u00fablico, Alumbrado industrial y m\u00e1s\" \/>\n<meta name=\"robots\" content=\"index, follow, max-snippet:-1, max-image-preview:large, max-video-preview:-1\" \/>\n<link rel=\"canonical\" href=\"https:\/\/www.jach.com.mx\/producto\/100w-wide-optical-rgb-led-floodlight-with-control\/\" \/>\n<meta property=\"og:locale\" content=\"en_US\" \/>\n<meta property=\"og:type\" content=\"article\" \/>\n<meta property=\"og:title\" content=\"100W Wide Optical RGB LED Floodlight with Control - Fabricaci\u00f3n de productos para el ahorro de energ\u00eda\" \/>\n<meta property=\"og:description\" content=\"Marca de iluminaci\u00f3n LED 100% mexicana, especializ\u00e1ndonos en la fabricaci\u00f3n de productos para el ahorro de energ\u00eda: L\u00e1mparas, Luminarios, proyectores, Alumbrado p\u00fablico, Alumbrado industrial y m\u00e1s\" \/>\n<meta property=\"og:url\" content=\"https:\/\/www.jach.com.mx\/producto\/100w-wide-optical-rgb-led-floodlight-with-control\/\" \/>\n<meta property=\"og:site_name\" content=\"Jach Iluminaci\u00f3n\" \/>\n<meta name=\"twitter:card\" content=\"summary_large_image\" \/>\n<script type=\"application\/ld+json\" class=\"yoast-schema-graph\">{\"@context\":\"https:\/\/schema.org\",\"@graph\":[{\"@type\":\"WebPage\",\"@id\":\"https:\/\/www.jach.com.mx\/producto\/100w-wide-optical-rgb-led-floodlight-with-control\/\",\"url\":\"https:\/\/www.jach.com.mx\/producto\/100w-wide-optical-rgb-led-floodlight-with-control\/\",\"name\":\"100W Wide Optical RGB LED Floodlight with Control - Fabricaci\u00f3n de productos para el ahorro de energ\u00eda\",\"isPartOf\":{\"@id\":\"https:\/\/www.jach.com.mx\/#website\"},\"datePublished\":\"2022-09-13T10:05:23+00:00\",\"dateModified\":\"2022-09-13T10:05:23+00:00\",\"description\":\"Marca de iluminaci\u00f3n LED 100% mexicana, especializ\u00e1ndonos en la fabricaci\u00f3n de productos para el ahorro de energ\u00eda: L\u00e1mparas, Luminarios, proyectores, Alumbrado p\u00fablico, Alumbrado industrial y m\u00e1s\",\"breadcrumb\":{\"@id\":\"https:\/\/www.jach.com.mx\/producto\/100w-wide-optical-rgb-led-floodlight-with-control\/#breadcrumb\"},\"inLanguage\":\"en-US\",\"potentialAction\":[{\"@type\":\"ReadAction\",\"target\":[\"https:\/\/www.jach.com.mx\/producto\/100w-wide-optical-rgb-led-floodlight-with-control\/\"]}]},{\"@type\":\"BreadcrumbList\",\"@id\":\"https:\/\/www.jach.com.mx\/producto\/100w-wide-optical-rgb-led-floodlight-with-control\/#breadcrumb\",\"itemListElement\":[{\"@type\":\"ListItem\",\"position\":1,\"name\":\"Inicio\",\"item\":\"https:\/\/www.jach.com.mx\/en\/jach-iluminacion-english\/\"},{\"@type\":\"ListItem\",\"position\":2,\"name\":\"Tienda\",\"item\":\"https:\/\/www.jach.com.mx\/tienda\/\"},{\"@type\":\"ListItem\",\"position\":3,\"name\":\"100W Wide Optical RGB LED Floodlight with Control\"}]},{\"@type\":\"WebSite\",\"@id\":\"https:\/\/www.jach.com.mx\/#website\",\"url\":\"https:\/\/www.jach.com.mx\/\",\"name\":\"Jach Iluminaci\u00f3n\",\"description\":\"Fabricaci\u00f3n de productos para el ahorro de energ\u00eda\",\"publisher\":{\"@id\":\"https:\/\/www.jach.com.mx\/#organization\"},\"potentialAction\":[{\"@type\":\"SearchAction\",\"target\":{\"@type\":\"EntryPoint\",\"urlTemplate\":\"https:\/\/www.jach.com.mx\/?s={search_term_string}\"},\"query-input\":\"required name=search_term_string\"}],\"inLanguage\":\"en-US\"},{\"@type\":\"Organization\",\"@id\":\"https:\/\/www.jach.com.mx\/#organization\",\"name\":\"Jach Iluminaci\u00f3n\",\"url\":\"https:\/\/www.jach.com.mx\/\",\"logo\":{\"@type\":\"ImageObject\",\"inLanguage\":\"en-US\",\"@id\":\"https:\/\/www.jach.com.mx\/#\/schema\/logo\/image\/\",\"url\":\"http:\/\/www.jach.com.mx\/wp-content\/uploads\/2018\/09\/logo.png\",\"contentUrl\":\"http:\/\/www.jach.com.mx\/wp-content\/uploads\/2018\/09\/logo.png\",\"width\":146,\"height\":42,\"caption\":\"Jach Iluminaci\u00f3n\"},\"image\":{\"@id\":\"https:\/\/www.jach.com.mx\/#\/schema\/logo\/image\/\"}}]}<\/script>\n<!-- \/ Yoast SEO plugin. -->","yoast_head_json":{"title":"100W Wide Optical RGB LED Floodlight with Control - Fabricaci\u00f3n de productos para el ahorro de energ\u00eda","description":"Marca de iluminaci\u00f3n LED 100% mexicana, especializ\u00e1ndonos en la fabricaci\u00f3n de productos para el ahorro de energ\u00eda: L\u00e1mparas, Luminarios, proyectores, Alumbrado p\u00fablico, Alumbrado industrial y m\u00e1s","robots":{"index":"index","follow":"follow","max-snippet":"max-snippet:-1","max-image-preview":"max-image-preview:large","max-video-preview":"max-video-preview:-1"},"canonical":"https:\/\/www.jach.com.mx\/producto\/100w-wide-optical-rgb-led-floodlight-with-control\/","og_locale":"en_US","og_type":"article","og_title":"100W Wide Optical RGB LED Floodlight with Control - Fabricaci\u00f3n de productos para el ahorro de energ\u00eda","og_description":"Marca de iluminaci\u00f3n LED 100% mexicana, especializ\u00e1ndonos en la fabricaci\u00f3n de productos para el ahorro de energ\u00eda: L\u00e1mparas, Luminarios, proyectores, Alumbrado p\u00fablico, Alumbrado industrial y m\u00e1s","og_url":"https:\/\/www.jach.com.mx\/producto\/100w-wide-optical-rgb-led-floodlight-with-control\/","og_site_name":"Jach Iluminaci\u00f3n","twitter_card":"summary_large_image","schema":{"@context":"https:\/\/schema.org","@graph":[{"@type":"WebPage","@id":"https:\/\/www.jach.com.mx\/producto\/100w-wide-optical-rgb-led-floodlight-with-control\/","url":"https:\/\/www.jach.com.mx\/producto\/100w-wide-optical-rgb-led-floodlight-with-control\/","name":"100W Wide Optical RGB LED Floodlight with Control - Fabricaci\u00f3n de productos para el ahorro de energ\u00eda","isPartOf":{"@id":"https:\/\/www.jach.com.mx\/#website"},"datePublished":"2022-09-13T10:05:23+00:00","dateModified":"2022-09-13T10:05:23+00:00","description":"Marca de iluminaci\u00f3n LED 100% mexicana, especializ\u00e1ndonos en la fabricaci\u00f3n de productos para el ahorro de energ\u00eda: L\u00e1mparas, Luminarios, proyectores, Alumbrado p\u00fablico, Alumbrado industrial y m\u00e1s","breadcrumb":{"@id":"https:\/\/www.jach.com.mx\/producto\/100w-wide-optical-rgb-led-floodlight-with-control\/#breadcrumb"},"inLanguage":"en-US","potentialAction":[{"@type":"ReadAction","target":["https:\/\/www.jach.com.mx\/producto\/100w-wide-optical-rgb-led-floodlight-with-control\/"]}]},{"@type":"BreadcrumbList","@id":"https:\/\/www.jach.com.mx\/producto\/100w-wide-optical-rgb-led-floodlight-with-control\/#breadcrumb","itemListElement":[{"@type":"ListItem","position":1,"name":"Inicio","item":"https:\/\/www.jach.com.mx\/en\/jach-iluminacion-english\/"},{"@type":"ListItem","position":2,"name":"Tienda","item":"https:\/\/www.jach.com.mx\/tienda\/"},{"@type":"ListItem","position":3,"name":"100W Wide Optical RGB LED Floodlight with Control"}]},{"@type":"WebSite","@id":"https:\/\/www.jach.com.mx\/#website","url":"https:\/\/www.jach.com.mx\/","name":"Jach Iluminaci\u00f3n","description":"Fabricaci\u00f3n de productos para el ahorro de energ\u00eda","publisher":{"@id":"https:\/\/www.jach.com.mx\/#organization"},"potentialAction":[{"@type":"SearchAction","target":{"@type":"EntryPoint","urlTemplate":"https:\/\/www.jach.com.mx\/?s={search_term_string}"},"query-input":"required name=search_term_string"}],"inLanguage":"en-US"},{"@type":"Organization","@id":"https:\/\/www.jach.com.mx\/#organization","name":"Jach Iluminaci\u00f3n","url":"https:\/\/www.jach.com.mx\/","logo":{"@type":"ImageObject","inLanguage":"en-US","@id":"https:\/\/www.jach.com.mx\/#\/schema\/logo\/image\/","url":"http:\/\/www.jach.com.mx\/wp-content\/uploads\/2018\/09\/logo.png","contentUrl":"http:\/\/www.jach.com.mx\/wp-content\/uploads\/2018\/09\/logo.png","width":146,"height":42,"caption":"Jach Iluminaci\u00f3n"},"image":{"@id":"https:\/\/www.jach.com.mx\/#\/schema\/logo\/image\/"}}]}},"_links":{"self":[{"href":"https:\/\/www.jach.com.mx\/en\/wp-json\/wp\/v2\/product\/14218","targetHints":{"allow":["GET"]}}],"collection":[{"href":"https:\/\/www.jach.com.mx\/en\/wp-json\/wp\/v2\/product"}],"about":[{"href":"https:\/\/www.jach.com.mx\/en\/wp-json\/wp\/v2\/types\/product"}],"replies":[{"embeddable":true,"href":"https:\/\/www.jach.com.mx\/en\/wp-json\/wp\/v2\/comments?post=14218"}],"wp:featuredmedia":[{"embeddable":true,"href":"https:\/\/www.jach.com.mx\/en\/wp-json\/wp\/v2\/media\/13646"}],"wp:attachment":[{"href":"https:\/\/www.jach.com.mx\/en\/wp-json\/wp\/v2\/media?parent=14218"}],"wp:term":[{"taxonomy":"product_cat","embeddable":true,"href":"https:\/\/www.jach.com.mx\/en\/wp-json\/wp\/v2\/product_cat?post=14218"},{"taxonomy":"product_tag","embeddable":true,"href":"https:\/\/www.jach.com.mx\/en\/wp-json\/wp\/v2\/product_tag?post=14218"}],"curies":[{"name":"wp","href":"https:\/\/api.w.org\/{rel}","templated":true}]}}